{"id":222,"date":"2019-06-14T16:28:45","date_gmt":"2019-06-14T14:28:45","guid":{"rendered":"http:\/\/yumi-hotel.de\/?page_id=222"},"modified":"2019-06-14T16:28:45","modified_gmt":"2019-06-14T14:28:45","slug":"datenschutz","status":"publish","type":"page","link":"https:\/\/yumi-hotel.de\/?page_id=222","title":{"rendered":"Datenschutz"},"content":{"rendered":"<div class=\"s3-t s3-t0\">\n<p><strong><big>Datenschutzerkl\u00e4rung<\/big><\/strong><\/p>\n<p><strong>Allgemeiner Hinweis und Pflichtinformationen<\/strong><\/p>\n<p><strong>Benennung der verantwortlichen Stelle<\/strong><\/p>\n<p>Die verantwortliche Stelle f\u00fcr die Datenverarbeitung auf dieser Website ist:<\/p>\n<p><span id=\"s3-t-firma\">Yumi Hotel<\/span><br \/>\n<span id=\"s3-t-ansprechpartner\">Binh Hoang Ly<\/span><br \/>\n<span id=\"s3-t-strasse\">Balduinstr. 1<\/span><br \/>\n<span id=\"s3-t-plz\">56759<\/span>\u00a0<span id=\"s3-t-ort\">Kaisersesch<\/span><\/p>\n<p>Die verantwortliche Stelle entscheidet allein oder gemeinsam mit anderen \u00fcber die Zwecke und Mittel der Verarbeitung von personenbezogenen Daten (z.B. Namen, Kontaktdaten o. \u00c4.).<\/p>\n<p><strong>Widerruf Ihrer Einwilligung zur Datenverarbeitung<\/strong><\/p>\n<p>Nur mit Ihrer ausdr\u00fccklichen Einwilligung sind einige Vorg\u00e4nge der Datenverarbeitung m\u00f6glich. Ein Widerruf Ihrer bereits erteilten Einwilligung ist jederzeit m\u00f6glich. F\u00fcr den Widerruf gen\u00fcgt eine formlose Mitteilung per E-Mail. Die Rechtm\u00e4\u00dfigkeit der bis zum Widerruf erfolgten Datenverarbeitung bleibt vom Widerruf unber\u00fchrt.<\/p>\n<p><strong>Recht auf Beschwerde bei der zust\u00e4ndigen Aufsichtsbeh\u00f6rde<\/strong><\/p>\n<p>Als Betroffener steht Ihnen im Falle eines datenschutzrechtlichen Versto\u00dfes ein Beschwerderecht bei der zust\u00e4ndigen Aufsichtsbeh\u00f6rde zu. Zust\u00e4ndige Aufsichtsbeh\u00f6rde bez\u00fcglich datenschutzrechtlicher Fragen ist der Landesdatenschutzbeauftragte des Bundeslandes, in dem sich der Sitz unseres Unternehmens befindet. Der folgende Link stellt eine Liste der Datenschutzbeauftragten sowie deren Kontaktdaten bereit:\u00a0<a href=\"https:\/\/www.bfdi.bund.de\/DE\/Infothek\/Anschriften_Links\/anschriften_links-node.html\" target=\"_blank\" rel=\"noopener\">https:\/\/www.bfdi.bund.de\/DE\/Infothek\/Anschriften_Links\/anschriften_links-node.html<\/a>.<\/p>\n<p><strong>Recht auf Daten\u00fcbertragbarkeit<\/strong><\/p>\n<p>Ihnen steht das Recht zu, Daten, die wir auf Grundlage Ihrer Einwilligung oder in Erf\u00fcllung eines Vertrags automatisiert verarbeiten, an sich oder an Dritte aush\u00e4ndigen zu lassen. Die Bereitstellung erfolgt in einem maschinenlesbaren Format. Sofern Sie die direkte \u00dcbertragung der Daten an einen anderen Verantwortlichen verlangen, erfolgt dies nur, soweit es technisch machbar ist.<\/p>\n<p><strong>Recht auf Auskunft, Berichtigung, Sperrung, L\u00f6schung<\/strong><\/p>\n<p>Sie haben jederzeit im Rahmen der geltenden gesetzlichen Bestimmungen das Recht auf unentgeltliche Auskunft \u00fcber Ihre gespeicherten personenbezogenen Daten, Herkunft der Daten, deren Empf\u00e4nger und den Zweck der Datenverarbeitung und ggf. ein Recht auf Berichtigung, Sperrung oder L\u00f6schung dieser Daten. Diesbez\u00fcglich und auch zu weiteren Fragen zum Thema personenbezogene Daten k\u00f6nnen Sie sich jederzeit \u00fcber die im Impressum aufgef\u00fchrten Kontaktm\u00f6glichkeiten an uns wenden.<\/p>\n<p><strong>SSL- bzw. TLS-Verschl\u00fcsselung<\/strong><\/p>\n<p>Aus Sicherheitsgr\u00fcnden und zum Schutz der \u00dcbertragung vertraulicher Inhalte, die Sie an uns als Seitenbetreiber senden, nutzt unsere Website eine SSL-bzw. TLS-Verschl\u00fcsselung. Damit sind Daten, die Sie \u00fcber diese Website \u00fcbermitteln, f\u00fcr Dritte nicht mitlesbar. Sie erkennen eine verschl\u00fcsselte Verbindung an der \u201ehttps:\/\/\u201c Adresszeile Ihres Browsers und am Schloss-Symbol in der Browserzeile.<\/p>\n<\/div>\n<div class=\"s3-t s3-t2\">\n<p><strong>Server-Log-Dateien<\/strong><\/p>\n<p>In Server-Log-Dateien erhebt und speichert der Provider der Website automatisch Informationen, die Ihr Browser automatisch an uns \u00fcbermittelt. Dies sind:<\/p>\n<ul>\n<li>Besuchte Seite auf unserer Domain<\/li>\n<li>Datum und Uhrzeit der Serveranfrage<\/li>\n<li>Browsertyp und Browserversion<\/li>\n<li>Verwendetes Betriebssystem<\/li>\n<li>Referrer URL<\/li>\n<li>Hostname des zugreifenden Rechners<\/li>\n<li>IP-Adresse<\/li>\n<\/ul>\n<p>Es findet keine Zusammenf\u00fchrung dieser Daten mit anderen Datenquellen statt. Grundlage der Datenverarbeitung bildet Art. 6 Abs. 1 lit. b DSGVO, der die Verarbeitung von Daten zur Erf\u00fcllung eines Vertrags oder vorvertraglicher Ma\u00dfnahmen gestattet.<\/p>\n<\/div>\n","protected":false},"excerpt":{"rendered":"<p>Datenschutzerkl\u00e4rung Allgemeiner Hinweis und Pflichtinformationen Benennung der verantwortlichen Stelle Die verantwortliche Stelle f\u00fcr die Datenverarbeitung auf dieser Website ist: Yumi Hotel Binh Hoang Ly Balduinstr. 1 56759\u00a0Kaisersesch Die verantwortliche Stelle entscheidet allein oder gemeinsam mit anderen \u00fcber die Zwecke und Mittel der Verarbeitung von personenbezogenen Daten (z.B. Namen, Kontaktdaten o. \u00c4.). Widerruf Ihrer Einwilligung zur [&hellip;]<\/p>\n","protected":false},"author":1,"featured_media":0,"parent":0,"menu_order":0,"comment_status":"closed","ping_status":"closed","template":"","meta":{"spay_email":""},"jetpack_sharing_enabled":true,"jetpack_shortlink":"https:\/\/wp.me\/Pa7FhA-3A","jetpack-related-posts":[{"id":206,"url":"https:\/\/yumi-hotel.de\/?page_id=206","url_meta":{"origin":222,"position":0},"title":"Impressum","date":"27. Juli 2018","format":false,"excerpt":"Angaben gem\u00e4\u00df \u00a7 5 TMGBinh Hoang Ly Balduinstr. 1 56759 Kaisersesch Vertreten durch: Binh Hoang Ly Kontakt: Telefon: 02653-9119984 Fax: 02653-9119986 E-Mail: info@yumi-hotel.deHaftungsausschluss: Haftung f\u00fcr Inhalte Die Inhalte unserer Seiten wurden mit gr\u00f6\u00dfter Sorgfalt erstellt. F\u00fcr die Richtigkeit, Vollst\u00e4ndigkeit und Aktualit\u00e4t der Inhalte k\u00f6nnen wir jedoch keine Gew\u00e4hr \u00fcbernehmen. Als\u2026","rel":"","context":"\u00c4hnlicher Beitrag","img":{"alt_text":"","src":"","width":0,"height":0},"classes":[]},{"id":23,"url":"https:\/\/yumi-hotel.de\/","url_meta":{"origin":222,"position":1},"title":"Willkommen","date":"19. Mai 2014","format":false,"excerpt":"Im\u00a0sch\u00f6ne\u00a0st\u00e4dtchen\u00a0Kaisersesch\u00a0in\u00a0der\u00a0Eifel\u00a0finden\u00a0Sie\u00a0unser\u00a0Yumi\u00a0Hotel Die\u00a0neugestalteten\u00a0freundliche\u00a0Zimmer\u00a0stehen\u00a0Ihnen\u00a0zur\u00a0Verf\u00fcgung. Sie\u00a0sind\u00a0der\u00a0K\u00f6nig\u00a0und\u00a0sagen\u00a0uns,\u00a0was\u00a0Sie\u00a0w\u00fcnschen.\u00a0Im\u00a0liebevoll\u00a0gestalteten\u00a0Restaurant pr\u00e4sentieren wir Ihnen sowohl die anspruchsvolle feine japanische K\u00fcche, als auch internationale K\u00f6stlichkeiten. Wir m\u00f6chten, dass unsere G\u00e4ste den Geschmack der internationalen und saisonalen K\u00fcche neu entdecken oder wiederfinden. Mit viel Kompetenz, Geschick und Feingef\u00fchl werden Sie von fr\u00f6hlichen, jungen Mitarbeitern umsorgt. Ob Sie mit Freunden, Kollegen\u2026","rel":"","context":"\u00c4hnlicher Beitrag","img":{"alt_text":"","src":"https:\/\/i0.wp.com\/yumi-hotel.de\/wp-content\/uploads\/2014\/08\/Floor.jpg?resize=350%2C200","width":350,"height":200},"classes":[]},{"id":90,"url":"https:\/\/yumi-hotel.de\/?page_id=90","url_meta":{"origin":222,"position":2},"title":"Freizeit und Umgebung","date":"25. Juli 2014","format":false,"excerpt":"Wie kaum eine zweite Stadt in der Eifel ist Kaisersesch durch eine wundersch\u00f6ne und abwechslungsreiche Umgebung beg\u00fcnstigt. Die Ausflugsm\u00f6glichkeiten in der Umgebung sind zahlreich und schnell erreichbar. Tolli Park, Vulkanpark, Deutsches Schieferbergwerk, Garten- und Freibad und der Laacher See in Mayen. Rund um Cochem gibt es 34 Burgen und Burgruinen,\u2026","rel":"","context":"\u00c4hnlicher Beitrag","img":{"alt_text":"","src":"https:\/\/i2.wp.com\/yumi-hotel.de\/wp-content\/uploads\/2014\/07\/1164238757.jpg?resize=350%2C200","width":350,"height":200},"classes":[]},{"id":74,"url":"https:\/\/yumi-hotel.de\/?page_id=74","url_meta":{"origin":222,"position":3},"title":"Unsere Zimmer","date":"13. Juli 2014","format":false,"excerpt":"Die Zimmer verf\u00fcgen \u00fcber Dusche, WC TV,F\u00f6n Kostenfreien W-Lan im gesamten Hotel Hauseigener Parkplatz kostenfrei Reichhaltigen Fr\u00fchst\u00fccksbuffet 7,50 EUR pro Person Fr\u00fchst\u00fcckszeiten: Montag - Samstag 06:30 - 08:30 sowie an allen Sonn und Feiertagen von 08:00 - 10:00 Uhr. Das Ende eines erlebnisreichen Tages k\u00f6nnen Fahrradfreunde und Motorradfreunde auf unserer\u2026","rel":"","context":"\u00c4hnlicher Beitrag","img":{"alt_text":"","src":"https:\/\/i1.wp.com\/yumi-hotel.de\/wp-content\/uploads\/2014\/07\/Bild-226.jpg?resize=350%2C200","width":350,"height":200},"classes":[]}],"_links":{"self":[{"href":"https:\/\/yumi-hotel.de\/index.php?rest_route=\/wp\/v2\/pages\/222"}],"collection":[{"href":"https:\/\/yumi-hotel.de\/index.php?rest_route=\/wp\/v2\/pages"}],"about":[{"href":"https:\/\/yumi-hotel.de\/index.php?rest_route=\/wp\/v2\/types\/page"}],"author":[{"embeddable":true,"href":"https:\/\/yumi-hotel.de\/index.php?rest_route=\/wp\/v2\/users\/1"}],"replies":[{"embeddable":true,"href":"https:\/\/yumi-hotel.de\/index.php?rest_route=%2Fwp%2Fv2%2Fcomments&post=222"}],"version-history":[{"count":1,"href":"https:\/\/yumi-hotel.de\/index.php?rest_route=\/wp\/v2\/pages\/222\/revisions"}],"predecessor-version":[{"id":223,"href":"https:\/\/yumi-hotel.de\/index.php?rest_route=\/wp\/v2\/pages\/222\/revisions\/223"}],"wp:attachment":[{"href":"https:\/\/yumi-hotel.de\/index.php?rest_route=%2Fwp%2Fv2%2Fmedia&parent=222"}],"curies":[{"name":"wp","href":"https:\/\/api.w.org\/{rel}","templated":true}]}}