{"id":74,"date":"2014-07-13T19:30:32","date_gmt":"2014-07-13T17:30:32","guid":{"rendered":"http:\/\/yumi-hotel.de\/?page_id=74"},"modified":"2024-12-08T01:22:45","modified_gmt":"2024-12-07T23:22:45","slug":"unsere-zimmer","status":"publish","type":"page","link":"http:\/\/yumi-hotel.de\/?page_id=74","title":{"rendered":"Unsere Zimmer"},"content":{"rendered":"<div data-carousel-extra='{\"blog_id\":1,\"permalink\":\"http:\\\/\\\/yumi-hotel.de\\\/?page_id=74\"}' id='gallery-1' class='gallery galleryid-74 gallery-columns-4 gallery-size-thumbnail'><figure class='gallery-item'>\n\t\t\t<div class='gallery-icon landscape'>\n\t\t\t\t<a href='https:\/\/i1.wp.com\/yumi-hotel.de\/wp-content\/uploads\/2014\/07\/Bild-226.jpg'><img width=\"150\" height=\"150\" src=\"https:\/\/i1.wp.com\/yumi-hotel.de\/wp-content\/uploads\/2014\/07\/Bild-226.jpg?resize=150%2C150\" class=\"attachment-thumbnail size-thumbnail\" alt=\"\" loading=\"lazy\" srcset=\"https:\/\/i1.wp.com\/yumi-hotel.de\/wp-content\/uploads\/2014\/07\/Bild-226.jpg?resize=150%2C150 150w, https:\/\/i1.wp.com\/yumi-hotel.de\/wp-content\/uploads\/2014\/07\/Bild-226.jpg?zoom=2&amp;resize=150%2C150 300w, https:\/\/i1.wp.com\/yumi-hotel.de\/wp-content\/uploads\/2014\/07\/Bild-226.jpg?zoom=3&amp;resize=150%2C150 450w\" sizes=\"(max-width: 150px) 100vw, 150px\" data-attachment-id=\"52\" data-permalink=\"http:\/\/yumi-hotel.de\/?attachment_id=52\" data-orig-file=\"https:\/\/i1.wp.com\/yumi-hotel.de\/wp-content\/uploads\/2014\/07\/Bild-226.jpg?fit=960%2C720\" data-orig-size=\"960,720\" data-comments-opened=\"1\" data-image-meta=\"{&quot;aperture&quot;:&quot;2.4&quot;,&quot;credit&quot;:&quot;&quot;,&quot;camera&quot;:&quot;iPhone 4S&quot;,&quot;caption&quot;:&quot;&quot;,&quot;created_timestamp&quot;:&quot;1404826074&quot;,&quot;copyright&quot;:&quot;&quot;,&quot;focal_length&quot;:&quot;4.28&quot;,&quot;iso&quot;:&quot;80&quot;,&quot;shutter_speed&quot;:&quot;0.00833333333333&quot;,&quot;title&quot;:&quot;&quot;}\" data-image-title=\"Bild 226\" data-image-description=\"\" data-medium-file=\"https:\/\/i1.wp.com\/yumi-hotel.de\/wp-content\/uploads\/2014\/07\/Bild-226.jpg?fit=300%2C225\" data-large-file=\"https:\/\/i1.wp.com\/yumi-hotel.de\/wp-content\/uploads\/2014\/07\/Bild-226.jpg?fit=640%2C480\" \/><\/a>\n\t\t\t<\/div><\/figure><figure class='gallery-item'>\n\t\t\t<div class='gallery-icon landscape'>\n\t\t\t\t<a href='https:\/\/i2.wp.com\/yumi-hotel.de\/wp-content\/uploads\/2014\/07\/Bild-224.jpg'><img width=\"150\" height=\"150\" src=\"https:\/\/i2.wp.com\/yumi-hotel.de\/wp-content\/uploads\/2014\/07\/Bild-224.jpg?resize=150%2C150\" class=\"attachment-thumbnail size-thumbnail\" alt=\"\" loading=\"lazy\" srcset=\"https:\/\/i2.wp.com\/yumi-hotel.de\/wp-content\/uploads\/2014\/07\/Bild-224.jpg?resize=150%2C150 150w, https:\/\/i2.wp.com\/yumi-hotel.de\/wp-content\/uploads\/2014\/07\/Bild-224.jpg?zoom=2&amp;resize=150%2C150 300w, https:\/\/i2.wp.com\/yumi-hotel.de\/wp-content\/uploads\/2014\/07\/Bild-224.jpg?zoom=3&amp;resize=150%2C150 450w\" sizes=\"(max-width: 150px) 100vw, 150px\" data-attachment-id=\"51\" data-permalink=\"http:\/\/yumi-hotel.de\/?attachment_id=51\" data-orig-file=\"https:\/\/i2.wp.com\/yumi-hotel.de\/wp-content\/uploads\/2014\/07\/Bild-224.jpg?fit=960%2C720\" data-orig-size=\"960,720\" data-comments-opened=\"1\" data-image-meta=\"{&quot;aperture&quot;:&quot;2.4&quot;,&quot;credit&quot;:&quot;&quot;,&quot;camera&quot;:&quot;iPhone 4S&quot;,&quot;caption&quot;:&quot;&quot;,&quot;created_timestamp&quot;:&quot;1404826035&quot;,&quot;copyright&quot;:&quot;&quot;,&quot;focal_length&quot;:&quot;4.28&quot;,&quot;iso&quot;:&quot;50&quot;,&quot;shutter_speed&quot;:&quot;0.0166666666667&quot;,&quot;title&quot;:&quot;&quot;}\" data-image-title=\"Bild 224\" data-image-description=\"\" data-medium-file=\"https:\/\/i2.wp.com\/yumi-hotel.de\/wp-content\/uploads\/2014\/07\/Bild-224.jpg?fit=300%2C225\" data-large-file=\"https:\/\/i2.wp.com\/yumi-hotel.de\/wp-content\/uploads\/2014\/07\/Bild-224.jpg?fit=640%2C480\" \/><\/a>\n\t\t\t<\/div><\/figure><figure class='gallery-item'>\n\t\t\t<div class='gallery-icon landscape'>\n\t\t\t\t<a href='https:\/\/i0.wp.com\/yumi-hotel.de\/wp-content\/uploads\/2014\/07\/Bild-223.jpg'><img width=\"150\" height=\"150\" src=\"https:\/\/i0.wp.com\/yumi-hotel.de\/wp-content\/uploads\/2014\/07\/Bild-223.jpg?resize=150%2C150\" class=\"attachment-thumbnail size-thumbnail\" alt=\"\" loading=\"lazy\" srcset=\"https:\/\/i0.wp.com\/yumi-hotel.de\/wp-content\/uploads\/2014\/07\/Bild-223.jpg?resize=150%2C150 150w, https:\/\/i0.wp.com\/yumi-hotel.de\/wp-content\/uploads\/2014\/07\/Bild-223.jpg?zoom=2&amp;resize=150%2C150 300w, https:\/\/i0.wp.com\/yumi-hotel.de\/wp-content\/uploads\/2014\/07\/Bild-223.jpg?zoom=3&amp;resize=150%2C150 450w\" sizes=\"(max-width: 150px) 100vw, 150px\" data-attachment-id=\"50\" data-permalink=\"http:\/\/yumi-hotel.de\/?attachment_id=50\" data-orig-file=\"https:\/\/i0.wp.com\/yumi-hotel.de\/wp-content\/uploads\/2014\/07\/Bild-223.jpg?fit=960%2C720\" data-orig-size=\"960,720\" data-comments-opened=\"1\" data-image-meta=\"{&quot;aperture&quot;:&quot;2.4&quot;,&quot;credit&quot;:&quot;&quot;,&quot;camera&quot;:&quot;iPhone 4S&quot;,&quot;caption&quot;:&quot;&quot;,&quot;created_timestamp&quot;:&quot;1404825959&quot;,&quot;copyright&quot;:&quot;&quot;,&quot;focal_length&quot;:&quot;4.28&quot;,&quot;iso&quot;:&quot;80&quot;,&quot;shutter_speed&quot;:&quot;0.05&quot;,&quot;title&quot;:&quot;&quot;}\" data-image-title=\"Bild 223\" data-image-description=\"\" data-medium-file=\"https:\/\/i0.wp.com\/yumi-hotel.de\/wp-content\/uploads\/2014\/07\/Bild-223.jpg?fit=300%2C225\" data-large-file=\"https:\/\/i0.wp.com\/yumi-hotel.de\/wp-content\/uploads\/2014\/07\/Bild-223.jpg?fit=640%2C480\" \/><\/a>\n\t\t\t<\/div><\/figure><figure class='gallery-item'>\n\t\t\t<div class='gallery-icon landscape'>\n\t\t\t\t<a href='https:\/\/i0.wp.com\/yumi-hotel.de\/wp-content\/uploads\/2014\/07\/Bild-222.jpg'><img width=\"150\" height=\"150\" src=\"https:\/\/i0.wp.com\/yumi-hotel.de\/wp-content\/uploads\/2014\/07\/Bild-222.jpg?resize=150%2C150\" class=\"attachment-thumbnail size-thumbnail\" alt=\"\" loading=\"lazy\" aria-describedby=\"gallery-1-49\" srcset=\"https:\/\/i0.wp.com\/yumi-hotel.de\/wp-content\/uploads\/2014\/07\/Bild-222.jpg?resize=150%2C150 150w, https:\/\/i0.wp.com\/yumi-hotel.de\/wp-content\/uploads\/2014\/07\/Bild-222.jpg?zoom=2&amp;resize=150%2C150 300w, https:\/\/i0.wp.com\/yumi-hotel.de\/wp-content\/uploads\/2014\/07\/Bild-222.jpg?zoom=3&amp;resize=150%2C150 450w\" sizes=\"(max-width: 150px) 100vw, 150px\" data-attachment-id=\"49\" data-permalink=\"http:\/\/yumi-hotel.de\/?attachment_id=49\" data-orig-file=\"https:\/\/i0.wp.com\/yumi-hotel.de\/wp-content\/uploads\/2014\/07\/Bild-222.jpg?fit=960%2C720\" data-orig-size=\"960,720\" data-comments-opened=\"1\" data-image-meta=\"{&quot;aperture&quot;:&quot;2.4&quot;,&quot;credit&quot;:&quot;&quot;,&quot;camera&quot;:&quot;iPhone 4S&quot;,&quot;caption&quot;:&quot;&quot;,&quot;created_timestamp&quot;:&quot;1404825946&quot;,&quot;copyright&quot;:&quot;&quot;,&quot;focal_length&quot;:&quot;4.28&quot;,&quot;iso&quot;:&quot;50&quot;,&quot;shutter_speed&quot;:&quot;0.025&quot;,&quot;title&quot;:&quot;&quot;}\" data-image-title=\"Bild 222\" data-image-description=\"\" data-medium-file=\"https:\/\/i0.wp.com\/yumi-hotel.de\/wp-content\/uploads\/2014\/07\/Bild-222.jpg?fit=300%2C225\" data-large-file=\"https:\/\/i0.wp.com\/yumi-hotel.de\/wp-content\/uploads\/2014\/07\/Bild-222.jpg?fit=640%2C480\" \/><\/a>\n\t\t\t<\/div>\n\t\t\t\t<figcaption class='wp-caption-text gallery-caption' id='gallery-1-49'>\n\t\t\t\tDoppelbett Zimmer\n\t\t\t\t<\/figcaption><\/figure><figure class='gallery-item'>\n\t\t\t<div class='gallery-icon landscape'>\n\t\t\t\t<a href='https:\/\/i0.wp.com\/yumi-hotel.de\/wp-content\/uploads\/2014\/07\/Bild-217.jpg'><img width=\"150\" height=\"150\" src=\"https:\/\/i0.wp.com\/yumi-hotel.de\/wp-content\/uploads\/2014\/07\/Bild-217.jpg?resize=150%2C150\" class=\"attachment-thumbnail size-thumbnail\" alt=\"\" loading=\"lazy\" srcset=\"https:\/\/i0.wp.com\/yumi-hotel.de\/wp-content\/uploads\/2014\/07\/Bild-217.jpg?resize=150%2C150 150w, https:\/\/i0.wp.com\/yumi-hotel.de\/wp-content\/uploads\/2014\/07\/Bild-217.jpg?zoom=2&amp;resize=150%2C150 300w, https:\/\/i0.wp.com\/yumi-hotel.de\/wp-content\/uploads\/2014\/07\/Bild-217.jpg?zoom=3&amp;resize=150%2C150 450w\" sizes=\"(max-width: 150px) 100vw, 150px\" data-attachment-id=\"48\" data-permalink=\"http:\/\/yumi-hotel.de\/?attachment_id=48\" data-orig-file=\"https:\/\/i0.wp.com\/yumi-hotel.de\/wp-content\/uploads\/2014\/07\/Bild-217.jpg?fit=960%2C720\" data-orig-size=\"960,720\" data-comments-opened=\"1\" data-image-meta=\"{&quot;aperture&quot;:&quot;2.4&quot;,&quot;credit&quot;:&quot;&quot;,&quot;camera&quot;:&quot;iPhone 4S&quot;,&quot;caption&quot;:&quot;&quot;,&quot;created_timestamp&quot;:&quot;1404825598&quot;,&quot;copyright&quot;:&quot;&quot;,&quot;focal_length&quot;:&quot;4.28&quot;,&quot;iso&quot;:&quot;80&quot;,&quot;shutter_speed&quot;:&quot;0.00833333333333&quot;,&quot;title&quot;:&quot;&quot;}\" data-image-title=\"Bild 217\" data-image-description=\"\" data-medium-file=\"https:\/\/i0.wp.com\/yumi-hotel.de\/wp-content\/uploads\/2014\/07\/Bild-217.jpg?fit=300%2C225\" data-large-file=\"https:\/\/i0.wp.com\/yumi-hotel.de\/wp-content\/uploads\/2014\/07\/Bild-217.jpg?fit=640%2C480\" \/><\/a>\n\t\t\t<\/div><\/figure><figure class='gallery-item'>\n\t\t\t<div class='gallery-icon landscape'>\n\t\t\t\t<a href='https:\/\/i0.wp.com\/yumi-hotel.de\/wp-content\/uploads\/2014\/07\/Bild-216.jpg'><img width=\"150\" height=\"150\" src=\"https:\/\/i0.wp.com\/yumi-hotel.de\/wp-content\/uploads\/2014\/07\/Bild-216.jpg?resize=150%2C150\" class=\"attachment-thumbnail size-thumbnail\" alt=\"\" loading=\"lazy\" srcset=\"https:\/\/i0.wp.com\/yumi-hotel.de\/wp-content\/uploads\/2014\/07\/Bild-216.jpg?resize=150%2C150 150w, https:\/\/i0.wp.com\/yumi-hotel.de\/wp-content\/uploads\/2014\/07\/Bild-216.jpg?zoom=2&amp;resize=150%2C150 300w, https:\/\/i0.wp.com\/yumi-hotel.de\/wp-content\/uploads\/2014\/07\/Bild-216.jpg?zoom=3&amp;resize=150%2C150 450w\" sizes=\"(max-width: 150px) 100vw, 150px\" data-attachment-id=\"47\" data-permalink=\"http:\/\/yumi-hotel.de\/?attachment_id=47\" data-orig-file=\"https:\/\/i0.wp.com\/yumi-hotel.de\/wp-content\/uploads\/2014\/07\/Bild-216.jpg?fit=960%2C720\" data-orig-size=\"960,720\" data-comments-opened=\"1\" data-image-meta=\"{&quot;aperture&quot;:&quot;2.4&quot;,&quot;credit&quot;:&quot;&quot;,&quot;camera&quot;:&quot;iPhone 4S&quot;,&quot;caption&quot;:&quot;&quot;,&quot;created_timestamp&quot;:&quot;1404825574&quot;,&quot;copyright&quot;:&quot;&quot;,&quot;focal_length&quot;:&quot;4.28&quot;,&quot;iso&quot;:&quot;64&quot;,&quot;shutter_speed&quot;:&quot;0.0166666666667&quot;,&quot;title&quot;:&quot;&quot;}\" data-image-title=\"Bild 216\" data-image-description=\"\" data-medium-file=\"https:\/\/i0.wp.com\/yumi-hotel.de\/wp-content\/uploads\/2014\/07\/Bild-216.jpg?fit=300%2C225\" data-large-file=\"https:\/\/i0.wp.com\/yumi-hotel.de\/wp-content\/uploads\/2014\/07\/Bild-216.jpg?fit=640%2C480\" \/><\/a>\n\t\t\t<\/div><\/figure><figure class='gallery-item'>\n\t\t\t<div class='gallery-icon landscape'>\n\t\t\t\t<a href='https:\/\/i1.wp.com\/yumi-hotel.de\/wp-content\/uploads\/2014\/07\/Bild-213.jpg'><img width=\"150\" height=\"150\" src=\"https:\/\/i1.wp.com\/yumi-hotel.de\/wp-content\/uploads\/2014\/07\/Bild-213.jpg?resize=150%2C150\" class=\"attachment-thumbnail size-thumbnail\" alt=\"\" loading=\"lazy\" srcset=\"https:\/\/i1.wp.com\/yumi-hotel.de\/wp-content\/uploads\/2014\/07\/Bild-213.jpg?resize=150%2C150 150w, https:\/\/i1.wp.com\/yumi-hotel.de\/wp-content\/uploads\/2014\/07\/Bild-213.jpg?zoom=2&amp;resize=150%2C150 300w, https:\/\/i1.wp.com\/yumi-hotel.de\/wp-content\/uploads\/2014\/07\/Bild-213.jpg?zoom=3&amp;resize=150%2C150 450w\" sizes=\"(max-width: 150px) 100vw, 150px\" data-attachment-id=\"45\" data-permalink=\"http:\/\/yumi-hotel.de\/?attachment_id=45\" data-orig-file=\"https:\/\/i1.wp.com\/yumi-hotel.de\/wp-content\/uploads\/2014\/07\/Bild-213.jpg?fit=960%2C720\" data-orig-size=\"960,720\" data-comments-opened=\"1\" data-image-meta=\"{&quot;aperture&quot;:&quot;2.4&quot;,&quot;credit&quot;:&quot;&quot;,&quot;camera&quot;:&quot;iPhone 4S&quot;,&quot;caption&quot;:&quot;&quot;,&quot;created_timestamp&quot;:&quot;1404825535&quot;,&quot;copyright&quot;:&quot;&quot;,&quot;focal_length&quot;:&quot;4.28&quot;,&quot;iso&quot;:&quot;80&quot;,&quot;shutter_speed&quot;:&quot;0.05&quot;,&quot;title&quot;:&quot;&quot;}\" data-image-title=\"Bild 213\" data-image-description=\"\" data-medium-file=\"https:\/\/i1.wp.com\/yumi-hotel.de\/wp-content\/uploads\/2014\/07\/Bild-213.jpg?fit=300%2C225\" data-large-file=\"https:\/\/i1.wp.com\/yumi-hotel.de\/wp-content\/uploads\/2014\/07\/Bild-213.jpg?fit=640%2C480\" \/><\/a>\n\t\t\t<\/div><\/figure><figure class='gallery-item'>\n\t\t\t<div class='gallery-icon landscape'>\n\t\t\t\t<a href='https:\/\/i0.wp.com\/yumi-hotel.de\/wp-content\/uploads\/2014\/07\/Bild-214.jpg'><img width=\"150\" height=\"150\" src=\"https:\/\/i0.wp.com\/yumi-hotel.de\/wp-content\/uploads\/2014\/07\/Bild-214.jpg?resize=150%2C150\" class=\"attachment-thumbnail size-thumbnail\" alt=\"\" loading=\"lazy\" srcset=\"https:\/\/i0.wp.com\/yumi-hotel.de\/wp-content\/uploads\/2014\/07\/Bild-214.jpg?resize=150%2C150 150w, https:\/\/i0.wp.com\/yumi-hotel.de\/wp-content\/uploads\/2014\/07\/Bild-214.jpg?zoom=2&amp;resize=150%2C150 300w, https:\/\/i0.wp.com\/yumi-hotel.de\/wp-content\/uploads\/2014\/07\/Bild-214.jpg?zoom=3&amp;resize=150%2C150 450w\" sizes=\"(max-width: 150px) 100vw, 150px\" data-attachment-id=\"46\" data-permalink=\"http:\/\/yumi-hotel.de\/?attachment_id=46\" data-orig-file=\"https:\/\/i0.wp.com\/yumi-hotel.de\/wp-content\/uploads\/2014\/07\/Bild-214.jpg?fit=960%2C720\" data-orig-size=\"960,720\" data-comments-opened=\"1\" data-image-meta=\"{&quot;aperture&quot;:&quot;2.4&quot;,&quot;credit&quot;:&quot;&quot;,&quot;camera&quot;:&quot;iPhone 4S&quot;,&quot;caption&quot;:&quot;&quot;,&quot;created_timestamp&quot;:&quot;1404825547&quot;,&quot;copyright&quot;:&quot;&quot;,&quot;focal_length&quot;:&quot;4.28&quot;,&quot;iso&quot;:&quot;64&quot;,&quot;shutter_speed&quot;:&quot;0.05&quot;,&quot;title&quot;:&quot;&quot;}\" data-image-title=\"Bild 214\" data-image-description=\"\" data-medium-file=\"https:\/\/i0.wp.com\/yumi-hotel.de\/wp-content\/uploads\/2014\/07\/Bild-214.jpg?fit=300%2C225\" data-large-file=\"https:\/\/i0.wp.com\/yumi-hotel.de\/wp-content\/uploads\/2014\/07\/Bild-214.jpg?fit=640%2C480\" \/><\/a>\n\t\t\t<\/div><\/figure>\n\t\t<\/div>\n\n<p>Die Zimmer verf\u00fcgen \u00fcber<\/p>\n<p>Dusche, WC<\/p>\n<p>TV,F\u00f6n<\/p>\n<p>Kostenfreien W-Lan im gesamten Hotel<\/p>\n<p>Hauseigener Parkplatz kostenfrei<\/p>\n<p>Reichhaltigen Fr\u00fchst\u00fccksbuffet 7,50 EUR pro Person<br \/>\nFr\u00fchst\u00fcckszeiten: Montag &#8211; Samstag 06:30 &#8211; 08:30 sowie an allen Sonn und Feiertagen von 08:00 &#8211; 10:00 Uhr.<\/p>\n<p>Das Ende eines erlebnisreichen Tages k\u00f6nnen Fahrradfreunde und Motorradfreunde auf unserer Sommerterrasse bei gutem Essen und einem kalten Bier oder Wein ausklingen lassen. Speziell f\u00fcr Gruppen bieten wir ein besonders g\u00fcnstiges Angebot an.<\/p>\n<p>Ein Raum f\u00fcr Fahrr\u00e4der und Motorr\u00e4der sind vorhanden.<\/p>\n<p>Gruppenpreise auf Anfrage.<\/p>\n<p>Einzelzimmer sind schon ab 60,- Euro (ohne Fr\u00fchst\u00fcck) und Doppelzimmer ab 80,- Euro (ohne Fr\u00fchst\u00fcck).<br \/>\nEin Doppelzimmer zur Einzelnutzung ab 70,- Euro.<\/p>\n<p>Ein Dreibettzimmer ab 100,- EUR(ohne Fr\u00fchst\u00fcck).<\/p>\n<p>Die Preise versteht sich pro Nacht\/Person und ohne Fr\u00fchst\u00fcck.<\/p>\n<p>Ihr Haustier ist bei uns willkommen gegen eine Geb\u00fchr von 5,- EUR je Nacht.<br \/>\n[whohit]Zimmer[\/whohit]<\/p>\n","protected":false},"excerpt":{"rendered":"<p>Die Zimmer verf\u00fcgen \u00fcber Dusche, WC TV,F\u00f6n Kostenfreien W-Lan im gesamten Hotel Hauseigener Parkplatz kostenfrei Reichhaltigen Fr\u00fchst\u00fccksbuffet 7,50 EUR pro Person Fr\u00fchst\u00fcckszeiten: Montag &#8211; Samstag 06:30 &#8211; 08:30 sowie an allen Sonn und Feiertagen von 08:00 &#8211; 10:00 Uhr. Das Ende eines erlebnisreichen Tages k\u00f6nnen Fahrradfreunde und Motorradfreunde auf unserer Sommerterrasse bei gutem Essen und [&hellip;]<\/p>\n","protected":false},"author":1,"featured_media":0,"parent":0,"menu_order":0,"comment_status":"closed","ping_status":"open","template":"","meta":{"spay_email":""},"jetpack_sharing_enabled":true,"jetpack_shortlink":"https:\/\/wp.me\/Pa7FhA-1c","jetpack-related-posts":[{"id":206,"url":"http:\/\/yumi-hotel.de\/?page_id=206","url_meta":{"origin":74,"position":0},"title":"Impressum","date":"27. Juli 2018","format":false,"excerpt":"Angaben gem\u00e4\u00df \u00a7 5 TMGBinh Hoang Ly Balduinstr. 1 56759 Kaisersesch Vertreten durch: Binh Hoang Ly Kontakt: Telefon: 02653-9119984 Fax: 02653-9119986 E-Mail: info@yumi-hotel.deHaftungsausschluss: Haftung f\u00fcr Inhalte Die Inhalte unserer Seiten wurden mit gr\u00f6\u00dfter Sorgfalt erstellt. F\u00fcr die Richtigkeit, Vollst\u00e4ndigkeit und Aktualit\u00e4t der Inhalte k\u00f6nnen wir jedoch keine Gew\u00e4hr \u00fcbernehmen. Als\u2026","rel":"","context":"\u00c4hnlicher Beitrag","img":{"alt_text":"","src":"","width":0,"height":0},"classes":[]},{"id":222,"url":"http:\/\/yumi-hotel.de\/?page_id=222","url_meta":{"origin":74,"position":1},"title":"Datenschutz","date":"14. Juni 2019","format":false,"excerpt":"Datenschutzerkl\u00e4rung Allgemeiner Hinweis und Pflichtinformationen Benennung der verantwortlichen Stelle Die verantwortliche Stelle f\u00fcr die Datenverarbeitung auf dieser Website ist: Yumi Hotel Binh Hoang Ly Balduinstr. 1 56759\u00a0Kaisersesch Die verantwortliche Stelle entscheidet allein oder gemeinsam mit anderen \u00fcber die Zwecke und Mittel der Verarbeitung von personenbezogenen Daten (z.B. Namen, Kontaktdaten o.\u2026","rel":"","context":"\u00c4hnlicher Beitrag","img":{"alt_text":"","src":"","width":0,"height":0},"classes":[]},{"id":23,"url":"http:\/\/yumi-hotel.de\/","url_meta":{"origin":74,"position":2},"title":"Willkommen","date":"19. Mai 2014","format":false,"excerpt":"Im\u00a0sch\u00f6ne\u00a0st\u00e4dtchen\u00a0Kaisersesch\u00a0in\u00a0der\u00a0Eifel\u00a0finden\u00a0Sie\u00a0unser\u00a0Yumi\u00a0Hotel Die\u00a0neugestalteten\u00a0freundliche\u00a0Zimmer\u00a0stehen\u00a0Ihnen\u00a0zur\u00a0Verf\u00fcgung. Sie\u00a0sind\u00a0der\u00a0K\u00f6nig\u00a0und\u00a0sagen\u00a0uns,\u00a0was\u00a0Sie\u00a0w\u00fcnschen.\u00a0Im\u00a0liebevoll\u00a0gestalteten\u00a0Restaurant pr\u00e4sentieren wir Ihnen sowohl die anspruchsvolle feine japanische K\u00fcche, als auch internationale K\u00f6stlichkeiten. Wir m\u00f6chten, dass unsere G\u00e4ste den Geschmack der internationalen und saisonalen K\u00fcche neu entdecken oder wiederfinden. Mit viel Kompetenz, Geschick und Feingef\u00fchl werden Sie von fr\u00f6hlichen, jungen Mitarbeitern umsorgt. Ob Sie mit Freunden, Kollegen\u2026","rel":"","context":"\u00c4hnlicher Beitrag","img":{"alt_text":"","src":"https:\/\/i0.wp.com\/yumi-hotel.de\/wp-content\/uploads\/2014\/08\/Floor.jpg?resize=350%2C200","width":350,"height":200},"classes":[]},{"id":90,"url":"http:\/\/yumi-hotel.de\/?page_id=90","url_meta":{"origin":74,"position":3},"title":"Freizeit und Umgebung","date":"25. Juli 2014","format":false,"excerpt":"Wie kaum eine zweite Stadt in der Eifel ist Kaisersesch durch eine wundersch\u00f6ne und abwechslungsreiche Umgebung beg\u00fcnstigt. Die Ausflugsm\u00f6glichkeiten in der Umgebung sind zahlreich und schnell erreichbar. Tolli Park, Vulkanpark, Deutsches Schieferbergwerk, Garten- und Freibad und der Laacher See in Mayen. Rund um Cochem gibt es 34 Burgen und Burgruinen,\u2026","rel":"","context":"\u00c4hnlicher Beitrag","img":{"alt_text":"","src":"https:\/\/i2.wp.com\/yumi-hotel.de\/wp-content\/uploads\/2014\/07\/1164238757.jpg?resize=350%2C200","width":350,"height":200},"classes":[]}],"_links":{"self":[{"href":"http:\/\/yumi-hotel.de\/index.php?rest_route=\/wp\/v2\/pages\/74"}],"collection":[{"href":"http:\/\/yumi-hotel.de\/index.php?rest_route=\/wp\/v2\/pages"}],"about":[{"href":"http:\/\/yumi-hotel.de\/index.php?rest_route=\/wp\/v2\/types\/page"}],"author":[{"embeddable":true,"href":"http:\/\/yumi-hotel.de\/index.php?rest_route=\/wp\/v2\/users\/1"}],"replies":[{"embeddable":true,"href":"http:\/\/yumi-hotel.de\/index.php?rest_route=%2Fwp%2Fv2%2Fcomments&post=74"}],"version-history":[{"count":13,"href":"http:\/\/yumi-hotel.de\/index.php?rest_route=\/wp\/v2\/pages\/74\/revisions"}],"predecessor-version":[{"id":268,"href":"http:\/\/yumi-hotel.de\/index.php?rest_route=\/wp\/v2\/pages\/74\/revisions\/268"}],"wp:attachment":[{"href":"http:\/\/yumi-hotel.de\/index.php?rest_route=%2Fwp%2Fv2%2Fmedia&parent=74"}],"curies":[{"name":"wp","href":"https:\/\/api.w.org\/{rel}","templated":true}]}}