{"id":23,"date":"2014-05-19T16:56:00","date_gmt":"2014-05-19T14:56:00","guid":{"rendered":"http:\/\/yumi-hotel.de\/?page_id=23"},"modified":"2024-07-17T17:24:06","modified_gmt":"2024-07-17T15:24:06","slug":"herzlich-willkommen-im-yumi-hotel","status":"publish","type":"page","link":"http:\/\/yumi-hotel.de\/","title":{"rendered":"Willkommen"},"content":{"rendered":"<div>\n<div><\/div>\n<\/div>\n<p>Im&nbsp;sch\u00f6ne&nbsp;st\u00e4dtchen&nbsp;Kaisersesch&nbsp;in&nbsp;der&nbsp;Eifel&nbsp;finden&nbsp;Sie&nbsp;unser&nbsp;Yumi&nbsp;Hotel<br \/>\nDie&nbsp;neugestalteten&nbsp;freundliche&nbsp;Zimmer&nbsp;stehen&nbsp;Ihnen&nbsp;zur&nbsp;Verf\u00fcgung.<\/p>\n<p>Sie&nbsp;sind&nbsp;der&nbsp;K\u00f6nig&nbsp;und&nbsp;sagen&nbsp;uns,&nbsp;was&nbsp;Sie&nbsp;w\u00fcnschen.&nbsp;Im&nbsp;liebevoll&nbsp;gestalteten&nbsp;Restaurant pr\u00e4sentieren wir Ihnen sowohl die anspruchsvolle feine japanische K\u00fcche, als auch internationale K\u00f6stlichkeiten. Wir m\u00f6chten, dass unsere G\u00e4ste den Geschmack der internationalen und saisonalen K\u00fcche neu entdecken oder wiederfinden. Mit viel Kompetenz, Geschick und Feingef\u00fchl werden Sie von fr\u00f6hlichen, jungen Mitarbeitern umsorgt. Ob Sie mit Freunden, Kollegen oder mit Verwandten die verschiedensten Anl\u00e4sse feiern m\u00f6chten, wir haben den passenden Raum und stehen Ihnen mit Rat und Tat zur Seite.<\/p>\n<p>Unser&nbsp;Bestreben&nbsp;ist&nbsp;es,&nbsp;dass&nbsp;Sie&nbsp;sich&nbsp;in&nbsp;unseren&nbsp;R\u00e4umen&nbsp;wohl&nbsp;f\u00fchlen&nbsp;und&nbsp;entspannen&nbsp;und&nbsp;den&nbsp;stressigen<br \/>\nAlltag&nbsp;f\u00fcr&nbsp;eine&nbsp;Weile&nbsp;vergessen.<\/p>\n<p>Wir&nbsp;leben&nbsp;f\u00fcr&nbsp;den&nbsp;Gast&nbsp;und&nbsp;die&nbsp;Gastlichkeit&nbsp;und&nbsp;dies&nbsp;die&nbsp;n\u00e4chsten&nbsp;Jahre&nbsp;und&nbsp;Jahrzehnte.<\/p>\n<p style=\"text-align: left;\"><span style=\"color: #993366;\">Ihr Yumi-Hotel&nbsp;Team<\/span><\/p>\n<p style=\"text-align: left;\"><strong><span style=\"color: #993366;\">\u00d6ffnungszeiten:<\/span><\/strong><\/p>\n<p style=\"text-align: left;\">Di.-&nbsp;\u00ad&nbsp;So.&nbsp;11.30h&nbsp;\u2013&nbsp;14:00h und&nbsp;17.30h&nbsp;\u2013&nbsp;22.00h<br \/>\nMontag Ruhetag<\/p>\n<p style=\"text-align: left;\">Yumi Hotel<br \/>\nBalduinstra\u00dfe 1<br \/>\n56759 Kaisersesch<br \/>\nTel: 02653-9119984<br \/>\nfax: 02653-9119986<br \/>\nMail:&nbsp;info@yumi-hotel.de<\/p>\n<div data-carousel-extra='{\"blog_id\":1,\"permalink\":\"http:\\\/\\\/yumi-hotel.de\\\/\"}' id='gallery-1' class='gallery galleryid-23 gallery-columns-3 gallery-size-large'><figure class='gallery-item'>\n\t\t\t<div class='gallery-icon landscape'>\n\t\t\t\t<a href='http:\/\/yumi-hotel.de\/?attachment_id=115'><img width=\"640\" height=\"480\" src=\"https:\/\/i0.wp.com\/yumi-hotel.de\/wp-content\/uploads\/2014\/08\/Floor.jpg?fit=640%2C480\" class=\"attachment-large size-large\" alt=\"\" loading=\"lazy\" aria-describedby=\"gallery-1-115\" srcset=\"https:\/\/i0.wp.com\/yumi-hotel.de\/wp-content\/uploads\/2014\/08\/Floor.jpg?w=960 960w, https:\/\/i0.wp.com\/yumi-hotel.de\/wp-content\/uploads\/2014\/08\/Floor.jpg?resize=300%2C225 300w, https:\/\/i0.wp.com\/yumi-hotel.de\/wp-content\/uploads\/2014\/08\/Floor.jpg?resize=624%2C468 624w\" sizes=\"(max-width: 640px) 100vw, 640px\" data-attachment-id=\"115\" data-permalink=\"http:\/\/yumi-hotel.de\/?attachment_id=115\" data-orig-file=\"https:\/\/i0.wp.com\/yumi-hotel.de\/wp-content\/uploads\/2014\/08\/Floor.jpg?fit=960%2C720\" data-orig-size=\"960,720\" data-comments-opened=\"1\" data-image-meta=\"{&quot;aperture&quot;:&quot;2.2&quot;,&quot;credit&quot;:&quot;&quot;,&quot;camera&quot;:&quot;GT-I9505&quot;,&quot;caption&quot;:&quot;&quot;,&quot;created_timestamp&quot;:&quot;1405810941&quot;,&quot;copyright&quot;:&quot;&quot;,&quot;focal_length&quot;:&quot;4.2&quot;,&quot;iso&quot;:&quot;400&quot;,&quot;shutter_speed&quot;:&quot;0.0666666666667&quot;,&quot;title&quot;:&quot;&quot;}\" data-image-title=\"Restaurant Bereich\" data-image-description=\"\" data-medium-file=\"https:\/\/i0.wp.com\/yumi-hotel.de\/wp-content\/uploads\/2014\/08\/Floor.jpg?fit=300%2C225\" data-large-file=\"https:\/\/i0.wp.com\/yumi-hotel.de\/wp-content\/uploads\/2014\/08\/Floor.jpg?fit=640%2C480\" \/><\/a>\n\t\t\t<\/div>\n\t\t\t\t<figcaption class='wp-caption-text gallery-caption' id='gallery-1-115'>\n\t\t\t\tEingangsbereich\n\t\t\t\t<\/figcaption><\/figure><figure class='gallery-item'>\n\t\t\t<div class='gallery-icon landscape'>\n\t\t\t\t<a href='http:\/\/yumi-hotel.de\/?attachment_id=114'><img width=\"640\" height=\"480\" src=\"https:\/\/i2.wp.com\/yumi-hotel.de\/wp-content\/uploads\/2014\/08\/Bar.jpg?fit=640%2C480\" class=\"attachment-large size-large\" alt=\"\" loading=\"lazy\" aria-describedby=\"gallery-1-114\" srcset=\"https:\/\/i2.wp.com\/yumi-hotel.de\/wp-content\/uploads\/2014\/08\/Bar.jpg?w=960 960w, https:\/\/i2.wp.com\/yumi-hotel.de\/wp-content\/uploads\/2014\/08\/Bar.jpg?resize=300%2C225 300w, https:\/\/i2.wp.com\/yumi-hotel.de\/wp-content\/uploads\/2014\/08\/Bar.jpg?resize=624%2C468 624w\" sizes=\"(max-width: 640px) 100vw, 640px\" data-attachment-id=\"114\" data-permalink=\"http:\/\/yumi-hotel.de\/?attachment_id=114\" data-orig-file=\"https:\/\/i2.wp.com\/yumi-hotel.de\/wp-content\/uploads\/2014\/08\/Bar.jpg?fit=960%2C720\" data-orig-size=\"960,720\" data-comments-opened=\"1\" data-image-meta=\"{&quot;aperture&quot;:&quot;2.2&quot;,&quot;credit&quot;:&quot;&quot;,&quot;camera&quot;:&quot;GT-I9505&quot;,&quot;caption&quot;:&quot;&quot;,&quot;created_timestamp&quot;:&quot;1405864334&quot;,&quot;copyright&quot;:&quot;&quot;,&quot;focal_length&quot;:&quot;4.2&quot;,&quot;iso&quot;:&quot;50&quot;,&quot;shutter_speed&quot;:&quot;0.00970873786408&quot;,&quot;title&quot;:&quot;&quot;}\" data-image-title=\"Unsere Bar\" data-image-description=\"\" data-medium-file=\"https:\/\/i2.wp.com\/yumi-hotel.de\/wp-content\/uploads\/2014\/08\/Bar.jpg?fit=300%2C225\" data-large-file=\"https:\/\/i2.wp.com\/yumi-hotel.de\/wp-content\/uploads\/2014\/08\/Bar.jpg?fit=640%2C480\" \/><\/a>\n\t\t\t<\/div>\n\t\t\t\t<figcaption class='wp-caption-text gallery-caption' id='gallery-1-114'>\n\t\t\t\tBar\n\t\t\t\t<\/figcaption><\/figure><figure class='gallery-item'>\n\t\t\t<div class='gallery-icon landscape'>\n\t\t\t\t<a href='http:\/\/yumi-hotel.de\/?attachment_id=113'><img width=\"640\" height=\"480\" src=\"https:\/\/i0.wp.com\/yumi-hotel.de\/wp-content\/uploads\/2014\/08\/aussen.jpg?fit=640%2C480\" class=\"attachment-large size-large\" alt=\"\" loading=\"lazy\" aria-describedby=\"gallery-1-113\" srcset=\"https:\/\/i0.wp.com\/yumi-hotel.de\/wp-content\/uploads\/2014\/08\/aussen.jpg?w=960 960w, https:\/\/i0.wp.com\/yumi-hotel.de\/wp-content\/uploads\/2014\/08\/aussen.jpg?resize=300%2C225 300w, https:\/\/i0.wp.com\/yumi-hotel.de\/wp-content\/uploads\/2014\/08\/aussen.jpg?resize=624%2C468 624w\" sizes=\"(max-width: 640px) 100vw, 640px\" data-attachment-id=\"113\" data-permalink=\"http:\/\/yumi-hotel.de\/?attachment_id=113\" data-orig-file=\"https:\/\/i0.wp.com\/yumi-hotel.de\/wp-content\/uploads\/2014\/08\/aussen.jpg?fit=960%2C720\" data-orig-size=\"960,720\" data-comments-opened=\"1\" data-image-meta=\"{&quot;aperture&quot;:&quot;2.2&quot;,&quot;credit&quot;:&quot;&quot;,&quot;camera&quot;:&quot;GT-I9505&quot;,&quot;caption&quot;:&quot;&quot;,&quot;created_timestamp&quot;:&quot;1405810900&quot;,&quot;copyright&quot;:&quot;&quot;,&quot;focal_length&quot;:&quot;4.2&quot;,&quot;iso&quot;:&quot;400&quot;,&quot;shutter_speed&quot;:&quot;0.0666666666667&quot;,&quot;title&quot;:&quot;&quot;}\" data-image-title=\"Yumi Hotel\" data-image-description=\"\" data-medium-file=\"https:\/\/i0.wp.com\/yumi-hotel.de\/wp-content\/uploads\/2014\/08\/aussen.jpg?fit=300%2C225\" data-large-file=\"https:\/\/i0.wp.com\/yumi-hotel.de\/wp-content\/uploads\/2014\/08\/aussen.jpg?fit=640%2C480\" \/><\/a>\n\t\t\t<\/div>\n\t\t\t\t<figcaption class='wp-caption-text gallery-caption' id='gallery-1-113'>\n\t\t\t\tEingang\n\t\t\t\t<\/figcaption><\/figure><figure class='gallery-item'>\n\t\t\t<div class='gallery-icon landscape'>\n\t\t\t\t<a href='http:\/\/yumi-hotel.de\/?attachment_id=44'><img width=\"640\" height=\"480\" src=\"https:\/\/i0.wp.com\/yumi-hotel.de\/wp-content\/uploads\/2014\/07\/Bild-003.jpg?fit=640%2C480\" class=\"attachment-large size-large\" alt=\"\" loading=\"lazy\" aria-describedby=\"gallery-1-44\" srcset=\"https:\/\/i0.wp.com\/yumi-hotel.de\/wp-content\/uploads\/2014\/07\/Bild-003.jpg?w=960 960w, https:\/\/i0.wp.com\/yumi-hotel.de\/wp-content\/uploads\/2014\/07\/Bild-003.jpg?resize=300%2C225 300w, https:\/\/i0.wp.com\/yumi-hotel.de\/wp-content\/uploads\/2014\/07\/Bild-003.jpg?resize=624%2C468 624w\" sizes=\"(max-width: 640px) 100vw, 640px\" data-attachment-id=\"44\" data-permalink=\"http:\/\/yumi-hotel.de\/?attachment_id=44\" data-orig-file=\"https:\/\/i0.wp.com\/yumi-hotel.de\/wp-content\/uploads\/2014\/07\/Bild-003.jpg?fit=960%2C720\" data-orig-size=\"960,720\" data-comments-opened=\"1\" data-image-meta=\"{&quot;aperture&quot;:&quot;2.4&quot;,&quot;credit&quot;:&quot;&quot;,&quot;camera&quot;:&quot;iPhone 4S&quot;,&quot;caption&quot;:&quot;&quot;,&quot;created_timestamp&quot;:&quot;1389984963&quot;,&quot;copyright&quot;:&quot;&quot;,&quot;focal_length&quot;:&quot;4.28&quot;,&quot;iso&quot;:&quot;100&quot;,&quot;shutter_speed&quot;:&quot;0.05&quot;,&quot;title&quot;:&quot;&quot;}\" data-image-title=\"Bild 003\" data-image-description=\"\" data-medium-file=\"https:\/\/i0.wp.com\/yumi-hotel.de\/wp-content\/uploads\/2014\/07\/Bild-003.jpg?fit=300%2C225\" data-large-file=\"https:\/\/i0.wp.com\/yumi-hotel.de\/wp-content\/uploads\/2014\/07\/Bild-003.jpg?fit=640%2C480\" \/><\/a>\n\t\t\t<\/div>\n\t\t\t\t<figcaption class='wp-caption-text gallery-caption' id='gallery-1-44'>\n\t\t\t\tEin gr\u00f6\u00dferes Sushi Men\u00fc\n\t\t\t\t<\/figcaption><\/figure><figure class='gallery-item'>\n\t\t\t<div class='gallery-icon landscape'>\n\t\t\t\t<a href='http:\/\/yumi-hotel.de\/?attachment_id=49'><img width=\"640\" height=\"480\" src=\"https:\/\/i0.wp.com\/yumi-hotel.de\/wp-content\/uploads\/2014\/07\/Bild-222.jpg?fit=640%2C480\" class=\"attachment-large size-large\" alt=\"\" loading=\"lazy\" aria-describedby=\"gallery-1-49\" srcset=\"https:\/\/i0.wp.com\/yumi-hotel.de\/wp-content\/uploads\/2014\/07\/Bild-222.jpg?w=960 960w, https:\/\/i0.wp.com\/yumi-hotel.de\/wp-content\/uploads\/2014\/07\/Bild-222.jpg?resize=300%2C225 300w, https:\/\/i0.wp.com\/yumi-hotel.de\/wp-content\/uploads\/2014\/07\/Bild-222.jpg?resize=624%2C468 624w\" sizes=\"(max-width: 640px) 100vw, 640px\" data-attachment-id=\"49\" data-permalink=\"http:\/\/yumi-hotel.de\/?attachment_id=49\" data-orig-file=\"https:\/\/i0.wp.com\/yumi-hotel.de\/wp-content\/uploads\/2014\/07\/Bild-222.jpg?fit=960%2C720\" data-orig-size=\"960,720\" data-comments-opened=\"1\" data-image-meta=\"{&quot;aperture&quot;:&quot;2.4&quot;,&quot;credit&quot;:&quot;&quot;,&quot;camera&quot;:&quot;iPhone 4S&quot;,&quot;caption&quot;:&quot;&quot;,&quot;created_timestamp&quot;:&quot;1404825946&quot;,&quot;copyright&quot;:&quot;&quot;,&quot;focal_length&quot;:&quot;4.28&quot;,&quot;iso&quot;:&quot;50&quot;,&quot;shutter_speed&quot;:&quot;0.025&quot;,&quot;title&quot;:&quot;&quot;}\" data-image-title=\"Bild 222\" data-image-description=\"\" data-medium-file=\"https:\/\/i0.wp.com\/yumi-hotel.de\/wp-content\/uploads\/2014\/07\/Bild-222.jpg?fit=300%2C225\" data-large-file=\"https:\/\/i0.wp.com\/yumi-hotel.de\/wp-content\/uploads\/2014\/07\/Bild-222.jpg?fit=640%2C480\" \/><\/a>\n\t\t\t<\/div>\n\t\t\t\t<figcaption class='wp-caption-text gallery-caption' id='gallery-1-49'>\n\t\t\t\tDoppelbett Zimmer\n\t\t\t\t<\/figcaption><\/figure><figure class='gallery-item'>\n\t\t\t<div class='gallery-icon landscape'>\n\t\t\t\t<a href='http:\/\/yumi-hotel.de\/?attachment_id=48'><img width=\"640\" height=\"480\" src=\"https:\/\/i0.wp.com\/yumi-hotel.de\/wp-content\/uploads\/2014\/07\/Bild-217.jpg?fit=640%2C480\" class=\"attachment-large size-large\" alt=\"\" loading=\"lazy\" srcset=\"https:\/\/i0.wp.com\/yumi-hotel.de\/wp-content\/uploads\/2014\/07\/Bild-217.jpg?w=960 960w, https:\/\/i0.wp.com\/yumi-hotel.de\/wp-content\/uploads\/2014\/07\/Bild-217.jpg?resize=300%2C225 300w, https:\/\/i0.wp.com\/yumi-hotel.de\/wp-content\/uploads\/2014\/07\/Bild-217.jpg?resize=624%2C468 624w\" sizes=\"(max-width: 640px) 100vw, 640px\" data-attachment-id=\"48\" data-permalink=\"http:\/\/yumi-hotel.de\/?attachment_id=48\" data-orig-file=\"https:\/\/i0.wp.com\/yumi-hotel.de\/wp-content\/uploads\/2014\/07\/Bild-217.jpg?fit=960%2C720\" data-orig-size=\"960,720\" data-comments-opened=\"1\" data-image-meta=\"{&quot;aperture&quot;:&quot;2.4&quot;,&quot;credit&quot;:&quot;&quot;,&quot;camera&quot;:&quot;iPhone 4S&quot;,&quot;caption&quot;:&quot;&quot;,&quot;created_timestamp&quot;:&quot;1404825598&quot;,&quot;copyright&quot;:&quot;&quot;,&quot;focal_length&quot;:&quot;4.28&quot;,&quot;iso&quot;:&quot;80&quot;,&quot;shutter_speed&quot;:&quot;0.00833333333333&quot;,&quot;title&quot;:&quot;&quot;}\" data-image-title=\"Bild 217\" data-image-description=\"\" data-medium-file=\"https:\/\/i0.wp.com\/yumi-hotel.de\/wp-content\/uploads\/2014\/07\/Bild-217.jpg?fit=300%2C225\" data-large-file=\"https:\/\/i0.wp.com\/yumi-hotel.de\/wp-content\/uploads\/2014\/07\/Bild-217.jpg?fit=640%2C480\" \/><\/a>\n\t\t\t<\/div><\/figure><figure class='gallery-item'>\n\t\t\t<div class='gallery-icon landscape'>\n\t\t\t\t<a href='http:\/\/yumi-hotel.de\/?attachment_id=212'><img width=\"640\" height=\"478\" src=\"https:\/\/i1.wp.com\/yumi-hotel.de\/wp-content\/uploads\/2018\/07\/10405637_339406579594187_8142067662956225722_n.jpg?fit=640%2C478\" class=\"attachment-large size-large\" alt=\"\" loading=\"lazy\" aria-describedby=\"gallery-1-212\" srcset=\"https:\/\/i1.wp.com\/yumi-hotel.de\/wp-content\/uploads\/2018\/07\/10405637_339406579594187_8142067662956225722_n.jpg?w=960 960w, https:\/\/i1.wp.com\/yumi-hotel.de\/wp-content\/uploads\/2018\/07\/10405637_339406579594187_8142067662956225722_n.jpg?resize=300%2C224 300w, https:\/\/i1.wp.com\/yumi-hotel.de\/wp-content\/uploads\/2018\/07\/10405637_339406579594187_8142067662956225722_n.jpg?resize=768%2C574 768w\" sizes=\"(max-width: 640px) 100vw, 640px\" data-attachment-id=\"212\" data-permalink=\"http:\/\/yumi-hotel.de\/?attachment_id=212\" data-orig-file=\"https:\/\/i1.wp.com\/yumi-hotel.de\/wp-content\/uploads\/2018\/07\/10405637_339406579594187_8142067662956225722_n.jpg?fit=960%2C717\" data-orig-size=\"960,717\" data-comments-opened=\"1\" data-image-meta=\"{&quot;aperture&quot;:&quot;0&quot;,&quot;credit&quot;:&quot;&quot;,&quot;camera&quot;:&quot;&quot;,&quot;caption&quot;:&quot;&quot;,&quot;created_timestamp&quot;:&quot;0&quot;,&quot;copyright&quot;:&quot;&quot;,&quot;focal_length&quot;:&quot;0&quot;,&quot;iso&quot;:&quot;0&quot;,&quot;shutter_speed&quot;:&quot;0&quot;,&quot;title&quot;:&quot;&quot;,&quot;orientation&quot;:&quot;0&quot;}\" data-image-title=\"10405637_339406579594187_8142067662956225722_n\" data-image-description=\"\" data-medium-file=\"https:\/\/i1.wp.com\/yumi-hotel.de\/wp-content\/uploads\/2018\/07\/10405637_339406579594187_8142067662956225722_n.jpg?fit=300%2C224\" data-large-file=\"https:\/\/i1.wp.com\/yumi-hotel.de\/wp-content\/uploads\/2018\/07\/10405637_339406579594187_8142067662956225722_n.jpg?fit=640%2C478\" \/><\/a>\n\t\t\t<\/div>\n\t\t\t\t<figcaption class='wp-caption-text gallery-caption' id='gallery-1-212'>\n\t\t\t\tZugang zum Badezimmer\n\t\t\t\t<\/figcaption><\/figure><figure class='gallery-item'>\n\t\t\t<div class='gallery-icon landscape'>\n\t\t\t\t<a href='http:\/\/yumi-hotel.de\/?attachment_id=213'><img width=\"640\" height=\"477\" src=\"https:\/\/i2.wp.com\/yumi-hotel.de\/wp-content\/uploads\/2018\/07\/11024725_358151561053022_7090662588747251335_n.jpg?fit=640%2C477\" class=\"attachment-large size-large\" alt=\"\" loading=\"lazy\" aria-describedby=\"gallery-1-213\" srcset=\"https:\/\/i2.wp.com\/yumi-hotel.de\/wp-content\/uploads\/2018\/07\/11024725_358151561053022_7090662588747251335_n.jpg?w=960 960w, https:\/\/i2.wp.com\/yumi-hotel.de\/wp-content\/uploads\/2018\/07\/11024725_358151561053022_7090662588747251335_n.jpg?resize=300%2C224 300w, https:\/\/i2.wp.com\/yumi-hotel.de\/wp-content\/uploads\/2018\/07\/11024725_358151561053022_7090662588747251335_n.jpg?resize=768%2C573 768w\" sizes=\"(max-width: 640px) 100vw, 640px\" data-attachment-id=\"213\" data-permalink=\"http:\/\/yumi-hotel.de\/?attachment_id=213\" data-orig-file=\"https:\/\/i2.wp.com\/yumi-hotel.de\/wp-content\/uploads\/2018\/07\/11024725_358151561053022_7090662588747251335_n.jpg?fit=960%2C716\" data-orig-size=\"960,716\" data-comments-opened=\"1\" data-image-meta=\"{&quot;aperture&quot;:&quot;0&quot;,&quot;credit&quot;:&quot;&quot;,&quot;camera&quot;:&quot;&quot;,&quot;caption&quot;:&quot;&quot;,&quot;created_timestamp&quot;:&quot;0&quot;,&quot;copyright&quot;:&quot;&quot;,&quot;focal_length&quot;:&quot;0&quot;,&quot;iso&quot;:&quot;0&quot;,&quot;shutter_speed&quot;:&quot;0&quot;,&quot;title&quot;:&quot;&quot;,&quot;orientation&quot;:&quot;0&quot;}\" data-image-title=\"11024725_358151561053022_7090662588747251335_n\" data-image-description=\"\" data-medium-file=\"https:\/\/i2.wp.com\/yumi-hotel.de\/wp-content\/uploads\/2018\/07\/11024725_358151561053022_7090662588747251335_n.jpg?fit=300%2C224\" data-large-file=\"https:\/\/i2.wp.com\/yumi-hotel.de\/wp-content\/uploads\/2018\/07\/11024725_358151561053022_7090662588747251335_n.jpg?fit=640%2C477\" \/><\/a>\n\t\t\t<\/div>\n\t\t\t\t<figcaption class='wp-caption-text gallery-caption' id='gallery-1-213'>\n\t\t\t\tEin weiteres gr\u00f6\u00dferes Men\u00fc\n\t\t\t\t<\/figcaption><\/figure><figure class='gallery-item'>\n\t\t\t<div class='gallery-icon landscape'>\n\t\t\t\t<a href='http:\/\/yumi-hotel.de\/?attachment_id=214'><img width=\"640\" height=\"480\" src=\"https:\/\/i1.wp.com\/yumi-hotel.de\/wp-content\/uploads\/2018\/07\/11710003_415030525365125_7194763921853438218_o.jpg?fit=640%2C480\" class=\"attachment-large size-large\" alt=\"\" loading=\"lazy\" aria-describedby=\"gallery-1-214\" srcset=\"https:\/\/i1.wp.com\/yumi-hotel.de\/wp-content\/uploads\/2018\/07\/11710003_415030525365125_7194763921853438218_o.jpg?w=1280 1280w, https:\/\/i1.wp.com\/yumi-hotel.de\/wp-content\/uploads\/2018\/07\/11710003_415030525365125_7194763921853438218_o.jpg?resize=300%2C225 300w, https:\/\/i1.wp.com\/yumi-hotel.de\/wp-content\/uploads\/2018\/07\/11710003_415030525365125_7194763921853438218_o.jpg?resize=768%2C576 768w, https:\/\/i1.wp.com\/yumi-hotel.de\/wp-content\/uploads\/2018\/07\/11710003_415030525365125_7194763921853438218_o.jpg?resize=1024%2C768 1024w\" sizes=\"(max-width: 640px) 100vw, 640px\" data-attachment-id=\"214\" data-permalink=\"http:\/\/yumi-hotel.de\/?attachment_id=214\" data-orig-file=\"https:\/\/i1.wp.com\/yumi-hotel.de\/wp-content\/uploads\/2018\/07\/11710003_415030525365125_7194763921853438218_o.jpg?fit=1280%2C960\" data-orig-size=\"1280,960\" data-comments-opened=\"1\" data-image-meta=\"{&quot;aperture&quot;:&quot;0&quot;,&quot;credit&quot;:&quot;&quot;,&quot;camera&quot;:&quot;&quot;,&quot;caption&quot;:&quot;&quot;,&quot;created_timestamp&quot;:&quot;0&quot;,&quot;copyright&quot;:&quot;&quot;,&quot;focal_length&quot;:&quot;0&quot;,&quot;iso&quot;:&quot;0&quot;,&quot;shutter_speed&quot;:&quot;0&quot;,&quot;title&quot;:&quot;&quot;,&quot;orientation&quot;:&quot;0&quot;}\" data-image-title=\"11710003_415030525365125_7194763921853438218_o\" data-image-description=\"\" data-medium-file=\"https:\/\/i1.wp.com\/yumi-hotel.de\/wp-content\/uploads\/2018\/07\/11710003_415030525365125_7194763921853438218_o.jpg?fit=300%2C225\" data-large-file=\"https:\/\/i1.wp.com\/yumi-hotel.de\/wp-content\/uploads\/2018\/07\/11710003_415030525365125_7194763921853438218_o.jpg?fit=640%2C480\" \/><\/a>\n\t\t\t<\/div>\n\t\t\t\t<figcaption class='wp-caption-text gallery-caption' id='gallery-1-214'>\n\t\t\t\tUnser Biergarten\n\t\t\t\t<\/figcaption><\/figure><figure class='gallery-item'>\n\t\t\t<div class='gallery-icon landscape'>\n\t\t\t\t<a href='http:\/\/yumi-hotel.de\/?attachment_id=215'><img width=\"640\" height=\"427\" src=\"https:\/\/i2.wp.com\/yumi-hotel.de\/wp-content\/uploads\/2018\/07\/12095132_451641061704071_4963070038818320115_o.jpg?fit=640%2C427\" class=\"attachment-large size-large\" alt=\"\" loading=\"lazy\" aria-describedby=\"gallery-1-215\" srcset=\"https:\/\/i2.wp.com\/yumi-hotel.de\/wp-content\/uploads\/2018\/07\/12095132_451641061704071_4963070038818320115_o.jpg?w=2048 2048w, https:\/\/i2.wp.com\/yumi-hotel.de\/wp-content\/uploads\/2018\/07\/12095132_451641061704071_4963070038818320115_o.jpg?resize=300%2C200 300w, https:\/\/i2.wp.com\/yumi-hotel.de\/wp-content\/uploads\/2018\/07\/12095132_451641061704071_4963070038818320115_o.jpg?resize=768%2C512 768w, https:\/\/i2.wp.com\/yumi-hotel.de\/wp-content\/uploads\/2018\/07\/12095132_451641061704071_4963070038818320115_o.jpg?resize=1024%2C683 1024w, https:\/\/i2.wp.com\/yumi-hotel.de\/wp-content\/uploads\/2018\/07\/12095132_451641061704071_4963070038818320115_o.jpg?w=1280 1280w, https:\/\/i2.wp.com\/yumi-hotel.de\/wp-content\/uploads\/2018\/07\/12095132_451641061704071_4963070038818320115_o.jpg?w=1920 1920w\" sizes=\"(max-width: 640px) 100vw, 640px\" data-attachment-id=\"215\" data-permalink=\"http:\/\/yumi-hotel.de\/?attachment_id=215\" data-orig-file=\"https:\/\/i2.wp.com\/yumi-hotel.de\/wp-content\/uploads\/2018\/07\/12095132_451641061704071_4963070038818320115_o.jpg?fit=2048%2C1365\" data-orig-size=\"2048,1365\" data-comments-opened=\"1\" data-image-meta=\"{&quot;aperture&quot;:&quot;0&quot;,&quot;credit&quot;:&quot;Lea Moeller&quot;,&quot;camera&quot;:&quot;&quot;,&quot;caption&quot;:&quot;&quot;,&quot;created_timestamp&quot;:&quot;0&quot;,&quot;copyright&quot;:&quot;&quot;,&quot;focal_length&quot;:&quot;0&quot;,&quot;iso&quot;:&quot;0&quot;,&quot;shutter_speed&quot;:&quot;0&quot;,&quot;title&quot;:&quot;&quot;,&quot;orientation&quot;:&quot;0&quot;}\" data-image-title=\"12095132_451641061704071_4963070038818320115_o\" data-image-description=\"\" data-medium-file=\"https:\/\/i2.wp.com\/yumi-hotel.de\/wp-content\/uploads\/2018\/07\/12095132_451641061704071_4963070038818320115_o.jpg?fit=300%2C200\" data-large-file=\"https:\/\/i2.wp.com\/yumi-hotel.de\/wp-content\/uploads\/2018\/07\/12095132_451641061704071_4963070038818320115_o.jpg?fit=640%2C427\" \/><\/a>\n\t\t\t<\/div>\n\t\t\t\t<figcaption class='wp-caption-text gallery-caption' id='gallery-1-215'>\n\t\t\t\tSaftige Steaks geh\u00f6ren zu unseren Spezialit\u00e4ten\n\t\t\t\t<\/figcaption><\/figure>\n\t\t<\/div>\n\n","protected":false},"excerpt":{"rendered":"<p>Im&nbsp;sch\u00f6ne&nbsp;st\u00e4dtchen&nbsp;Kaisersesch&nbsp;in&nbsp;der&nbsp;Eifel&nbsp;finden&nbsp;Sie&nbsp;unser&nbsp;Yumi&nbsp;Hotel Die&nbsp;neugestalteten&nbsp;freundliche&nbsp;Zimmer&nbsp;stehen&nbsp;Ihnen&nbsp;zur&nbsp;Verf\u00fcgung. Sie&nbsp;sind&nbsp;der&nbsp;K\u00f6nig&nbsp;und&nbsp;sagen&nbsp;uns,&nbsp;was&nbsp;Sie&nbsp;w\u00fcnschen.&nbsp;Im&nbsp;liebevoll&nbsp;gestalteten&nbsp;Restaurant pr\u00e4sentieren wir Ihnen sowohl die anspruchsvolle feine japanische K\u00fcche, als auch internationale K\u00f6stlichkeiten. Wir m\u00f6chten, dass unsere G\u00e4ste den Geschmack der internationalen und saisonalen K\u00fcche neu entdecken oder wiederfinden. Mit viel Kompetenz, Geschick und Feingef\u00fchl werden Sie von fr\u00f6hlichen, jungen Mitarbeitern umsorgt. Ob Sie mit Freunden, Kollegen oder mit Verwandten die verschiedensten [&hellip;]<\/p>\n","protected":false},"author":1,"featured_media":0,"parent":0,"menu_order":0,"comment_status":"closed","ping_status":"open","template":"","meta":{"spay_email":""},"jetpack_sharing_enabled":true,"jetpack_shortlink":"https:\/\/wp.me\/Pa7FhA-n","jetpack-related-posts":[{"id":222,"url":"http:\/\/yumi-hotel.de\/?page_id=222","url_meta":{"origin":23,"position":0},"title":"Datenschutz","date":"14. Juni 2019","format":false,"excerpt":"Datenschutzerkl\u00e4rung Allgemeiner Hinweis und Pflichtinformationen Benennung der verantwortlichen Stelle Die verantwortliche Stelle f\u00fcr die Datenverarbeitung auf dieser Website ist: Yumi Hotel Binh Hoang Ly Balduinstr. 1 56759\u00a0Kaisersesch Die verantwortliche Stelle entscheidet allein oder gemeinsam mit anderen \u00fcber die Zwecke und Mittel der Verarbeitung von personenbezogenen Daten (z.B. Namen, Kontaktdaten o.\u2026","rel":"","context":"\u00c4hnlicher Beitrag","img":{"alt_text":"","src":"","width":0,"height":0},"classes":[]},{"id":90,"url":"http:\/\/yumi-hotel.de\/?page_id=90","url_meta":{"origin":23,"position":1},"title":"Freizeit und Umgebung","date":"25. Juli 2014","format":false,"excerpt":"Wie kaum eine zweite Stadt in der Eifel ist Kaisersesch durch eine wundersch\u00f6ne und abwechslungsreiche Umgebung beg\u00fcnstigt. Die Ausflugsm\u00f6glichkeiten in der Umgebung sind zahlreich und schnell erreichbar. Tolli Park, Vulkanpark, Deutsches Schieferbergwerk, Garten- und Freibad und der Laacher See in Mayen. Rund um Cochem gibt es 34 Burgen und Burgruinen,\u2026","rel":"","context":"\u00c4hnlicher Beitrag","img":{"alt_text":"","src":"https:\/\/i2.wp.com\/yumi-hotel.de\/wp-content\/uploads\/2014\/07\/1164238757.jpg?resize=350%2C200","width":350,"height":200},"classes":[]},{"id":206,"url":"http:\/\/yumi-hotel.de\/?page_id=206","url_meta":{"origin":23,"position":2},"title":"Impressum","date":"27. Juli 2018","format":false,"excerpt":"Angaben gem\u00e4\u00df \u00a7 5 TMGBinh Hoang Ly Balduinstr. 1 56759 Kaisersesch Vertreten durch: Binh Hoang Ly Kontakt: Telefon: 02653-9119984 Fax: 02653-9119986 E-Mail: info@yumi-hotel.deHaftungsausschluss: Haftung f\u00fcr Inhalte Die Inhalte unserer Seiten wurden mit gr\u00f6\u00dfter Sorgfalt erstellt. F\u00fcr die Richtigkeit, Vollst\u00e4ndigkeit und Aktualit\u00e4t der Inhalte k\u00f6nnen wir jedoch keine Gew\u00e4hr \u00fcbernehmen. Als\u2026","rel":"","context":"\u00c4hnlicher Beitrag","img":{"alt_text":"","src":"","width":0,"height":0},"classes":[]},{"id":74,"url":"http:\/\/yumi-hotel.de\/?page_id=74","url_meta":{"origin":23,"position":3},"title":"Unsere Zimmer","date":"13. Juli 2014","format":false,"excerpt":"Die Zimmer verf\u00fcgen \u00fcber Dusche, WC TV,F\u00f6n Kostenfreien W-Lan im gesamten Hotel Hauseigener Parkplatz kostenfrei Reichhaltigen Fr\u00fchst\u00fccksbuffet 7,50 EUR pro Person Fr\u00fchst\u00fcckszeiten: Montag - Samstag 06:30 - 08:30 sowie an allen Sonn und Feiertagen von 08:00 - 10:00 Uhr. Das Ende eines erlebnisreichen Tages k\u00f6nnen Fahrradfreunde und Motorradfreunde auf unserer\u2026","rel":"","context":"\u00c4hnlicher Beitrag","img":{"alt_text":"","src":"https:\/\/i1.wp.com\/yumi-hotel.de\/wp-content\/uploads\/2014\/07\/Bild-226.jpg?resize=350%2C200","width":350,"height":200},"classes":[]}],"_links":{"self":[{"href":"http:\/\/yumi-hotel.de\/index.php?rest_route=\/wp\/v2\/pages\/23"}],"collection":[{"href":"http:\/\/yumi-hotel.de\/index.php?rest_route=\/wp\/v2\/pages"}],"about":[{"href":"http:\/\/yumi-hotel.de\/index.php?rest_route=\/wp\/v2\/types\/page"}],"author":[{"embeddable":true,"href":"http:\/\/yumi-hotel.de\/index.php?rest_route=\/wp\/v2\/users\/1"}],"replies":[{"embeddable":true,"href":"http:\/\/yumi-hotel.de\/index.php?rest_route=%2Fwp%2Fv2%2Fcomments&post=23"}],"version-history":[{"count":27,"href":"http:\/\/yumi-hotel.de\/index.php?rest_route=\/wp\/v2\/pages\/23\/revisions"}],"predecessor-version":[{"id":263,"href":"http:\/\/yumi-hotel.de\/index.php?rest_route=\/wp\/v2\/pages\/23\/revisions\/263"}],"wp:attachment":[{"href":"http:\/\/yumi-hotel.de\/index.php?rest_route=%2Fwp%2Fv2%2Fmedia&parent=23"}],"curies":[{"name":"wp","href":"https:\/\/api.w.org\/{rel}","templated":true}]}}